{"id":27,"date":"2020-11-25T17:58:17","date_gmt":"2020-11-25T16:58:17","guid":{"rendered":"http:\/\/hubertmultiservices.fr\/?page_id=27"},"modified":"2020-11-25T19:42:54","modified_gmt":"2020-11-25T18:42:54","slug":"qui-suis-je","status":"publish","type":"page","link":"https:\/\/hubertmultiservices.fr\/?page_id=27","title":{"rendered":"Qui suis-je ?"},"content":{"rendered":"\n<p class=\"has-white-color has-text-color\">aa<\/p>\n\n\n\n<p class=\"has-white-color has-text-color\">aa<\/p>\n\n\n\n<div class=\"wp-block-image is-style-rounded\"><figure class=\"aligncenter size-large is-resized\"><img loading=\"lazy\" src=\"http:\/\/hubertmultiservices.fr\/wp-content\/uploads\/2020\/11\/image.png\" alt=\"\" class=\"wp-image-42\" width=\"575\" height=\"529\" srcset=\"https:\/\/hubertmultiservices.fr\/wp-content\/uploads\/2020\/11\/image.png 538w, https:\/\/hubertmultiservices.fr\/wp-content\/uploads\/2020\/11\/image-300x276.png 300w\" sizes=\"(max-width: 575px) 100vw, 575px\" \/><\/figure><\/div>\n\n\n\n<p class=\"has-white-color has-text-color\">aa<\/p>\n\n\n\n<p class=\"has-white-color has-text-color\">aa<\/p>\n\n\n\n<div class=\"wp-block-group has-black-color has-text-color\"><div class=\"wp-block-group__inner-container\">\n<div class=\"wp-block-group\"><div class=\"wp-block-group__inner-container\">\n<p class=\"has-black-color has-text-color has-medium-font-size\">Je m&rsquo;appelle<strong> Hubert GUIHENEUC. <\/strong><\/p>\n\n\n\n<p class=\"has-black-color has-text-color has-medium-font-size\">Dinannais de naissance (1966), j&rsquo;ai pass\u00e9 22 ans en r\u00e9gion parisienne. Ma r\u00e9gion me manquant terriblement, je suis revenu \u00e0 Plou\u00ebr-Sur-Rance.<\/p>\n\n\n\n<p class=\"has-white-color has-text-color has-medium-font-size\">aa<\/p>\n\n\n\n<p class=\"has-white-color has-text-color has-medium-font-size\">aa<\/p>\n\n\n\n<p class=\"has-black-color has-text-color has-medium-font-size\">J&rsquo;ai cr\u00e9\u00e9 mon activit\u00e9 en 2017, et m&rsquo;\u00e9panouis  pleinement dans les diff\u00e9rentes missions que vous me soumettez.<\/p>\n\n\n\n<p class=\"has-black-color has-text-color has-medium-font-size\">J&rsquo;aime le contact et l&rsquo;\u00e9change avec la client\u00e8le. Mon engagement, ma franchise, et ma curiosit\u00e9 sont mes principaux atouts. Avec moi, pas de langue de bois, si je vous dis oui, c&rsquo;est oui. Si je ne sais pas faire, je vous le dirai et tenterai de vous orienter vers la personne ad\u00e9quate. <\/p>\n\n\n\n<p class=\"has-white-color has-text-color\">aa<\/p>\n\n\n\n<p class=\"has-white-color has-text-color\">aa<\/p>\n\n\n\n<p class=\"has-black-color has-text-color has-medium-font-size\"><strong>Ma devise : <\/strong><\/p>\n\n\n\n<p class=\"has-text-align-center has-black-color has-text-color has-large-font-size\"><strong>Faire vos travaux, comme si c&rsquo;\u00e9tait pour moi. De fa\u00e7on \u00e0 vous simplifier la vie.<\/strong><\/p>\n<\/div><\/div>\n\n\n\n<p><\/p>\n<\/div><\/div>\n","protected":false},"excerpt":{"rendered":"<p>aa aa aa aa<\/p>\n","protected":false},"author":1,"featured_media":0,"parent":0,"menu_order":0,"comment_status":"closed","ping_status":"closed","template":"","meta":[],"_links":{"self":[{"href":"https:\/\/hubertmultiservices.fr\/index.php?rest_route=\/wp\/v2\/pages\/27"}],"collection":[{"href":"https:\/\/hubertmultiservices.fr\/index.php?rest_route=\/wp\/v2\/pages"}],"about":[{"href":"https:\/\/hubertmultiservices.fr\/index.php?rest_route=\/wp\/v2\/types\/page"}],"author":[{"embeddable":true,"href":"https:\/\/hubertmultiservices.fr\/index.php?rest_route=\/wp\/v2\/users\/1"}],"replies":[{"embeddable":true,"href":"https:\/\/hubertmultiservices.fr\/index.php?rest_route=%2Fwp%2Fv2%2Fcomments&post=27"}],"version-history":[{"count":7,"href":"https:\/\/hubertmultiservices.fr\/index.php?rest_route=\/wp\/v2\/pages\/27\/revisions"}],"predecessor-version":[{"id":64,"href":"https:\/\/hubertmultiservices.fr\/index.php?rest_route=\/wp\/v2\/pages\/27\/revisions\/64"}],"wp:attachment":[{"href":"https:\/\/hubertmultiservices.fr\/index.php?rest_route=%2Fwp%2Fv2%2Fmedia&parent=27"}],"curies":[{"name":"wp","href":"https:\/\/api.w.org\/{rel}","templated":true}]}}