{"id":26,"date":"2020-11-25T17:58:17","date_gmt":"2020-11-25T16:58:17","guid":{"rendered":"http:\/\/hubertmultiservices.fr\/?page_id=26"},"modified":"2021-03-11T19:37:35","modified_gmt":"2021-03-11T18:37:35","slug":"entretien-reparations","status":"publish","type":"page","link":"https:\/\/hubertmultiservices.fr\/?page_id=26","title":{"rendered":"Entretien \/ R\u00e9parations"},"content":{"rendered":"\n<div style=\"height:162px\" aria-hidden=\"true\" class=\"wp-block-spacer\"><\/div>\n\n\n\n<p class=\"has-medium-font-size\">Il y a des jours avec, et des jours sans !! La maladresse c&rsquo;est invit\u00e9e chez vous ?<\/p>\n\n\n\n<p class=\"has-medium-font-size\">Votre meuble s&rsquo;est cass\u00e9 ? Votre lustre ou votre lampe sont endommag\u00e9s ? Le vent a d\u00e9t\u00e9rior\u00e9 votre portillon ? Une soudure a l\u00e2ch\u00e9 ? Une porte coince, frotte ? Une fa\u00e7ade \u00e0 nettoyer ? Un probl\u00e8me d&rsquo;\u00e9vier ? etc&#8230;<\/p>\n\n\n\n<p class=\"has-medium-font-size\">Je peux intervenir dans de multiples domaines. Alors n&rsquo;h\u00e9sitez pas \u00e0 me demander. Si je peux vous rendre service, je serai ravi. Si je ne peux pas intervenir, je mettrai tout en \u0153uvre pour vous diriger vers un confr\u00e8re. <\/p>\n\n\n\n<div style=\"height:118px\" aria-hidden=\"true\" class=\"wp-block-spacer\"><\/div>\n\n\n\n<p class=\"has-medium-font-size\">Un coup de fil au 06.21.53.19.81 : nous fixerons un rendez-vous \u00e0 votre convenance pour voir votre(s) probl\u00e8me(s) et vous d\u00e9panner au plus vite.<\/p>\n","protected":false},"excerpt":{"rendered":"<p>Il y a des jours avec, et des jours sans !! La maladresse c&rsquo;est invit\u00e9e chez vous ? Votre meuble&hellip; <a class=\"read-more\" href=\"https:\/\/hubertmultiservices.fr\/?page_id=26\">Continuer la lecture<\/a><\/p>\n","protected":false},"author":1,"featured_media":0,"parent":0,"menu_order":0,"comment_status":"closed","ping_status":"closed","template":"","meta":[],"_links":{"self":[{"href":"https:\/\/hubertmultiservices.fr\/index.php?rest_route=\/wp\/v2\/pages\/26"}],"collection":[{"href":"https:\/\/hubertmultiservices.fr\/index.php?rest_route=\/wp\/v2\/pages"}],"about":[{"href":"https:\/\/hubertmultiservices.fr\/index.php?rest_route=\/wp\/v2\/types\/page"}],"author":[{"embeddable":true,"href":"https:\/\/hubertmultiservices.fr\/index.php?rest_route=\/wp\/v2\/users\/1"}],"replies":[{"embeddable":true,"href":"https:\/\/hubertmultiservices.fr\/index.php?rest_route=%2Fwp%2Fv2%2Fcomments&post=26"}],"version-history":[{"count":4,"href":"https:\/\/hubertmultiservices.fr\/index.php?rest_route=\/wp\/v2\/pages\/26\/revisions"}],"predecessor-version":[{"id":88,"href":"https:\/\/hubertmultiservices.fr\/index.php?rest_route=\/wp\/v2\/pages\/26\/revisions\/88"}],"wp:attachment":[{"href":"https:\/\/hubertmultiservices.fr\/index.php?rest_route=%2Fwp%2Fv2%2Fmedia&parent=26"}],"curies":[{"name":"wp","href":"https:\/\/api.w.org\/{rel}","templated":true}]}}