{"id":25,"date":"2020-11-25T17:58:17","date_gmt":"2020-11-25T16:58:17","guid":{"rendered":"http:\/\/hubertmultiservices.fr\/?page_id=25"},"modified":"2021-03-11T19:15:39","modified_gmt":"2021-03-11T18:15:39","slug":"peinture","status":"publish","type":"page","link":"https:\/\/hubertmultiservices.fr\/?page_id=25","title":{"rendered":"Peinture et Lasure"},"content":{"rendered":"\n<p> <\/p>\n\n\n\n<p> <\/p>\n\n\n\n<div style=\"height:193px\" aria-hidden=\"true\" class=\"wp-block-spacer\"><\/div>\n\n\n\n<p> <\/p>\n\n\n\n<p class=\"has-medium-font-size\">Envie de changement dans votre int\u00e9rieur ? De mettre de la couleur dans votre vie ? Une cl\u00f4ture ou un portail d\u00e9fraichi ? Un meuble \u00e0 embellir ? Une lasure ou un vernis \u00e0 passer sur vos surface bois ?<\/p>\n\n\n\n<p style=\"font-size:19px\"> Vous avez besoin de repeindre, mais n&rsquo;en avez pas l&rsquo;envie, car trop compliqu\u00e9 \u00e0 mettre en place, ou bien ne savez comment faire ?<\/p>\n\n\n\n<p class=\"has-medium-font-size\"> <\/p>\n\n\n\n<div style=\"height:87px\" aria-hidden=\"true\" class=\"wp-block-spacer\"><\/div>\n\n\n\n<p class=\"has-medium-font-size\"> Je vous propose mes services, sur place pour les murs, plafonds et cl\u00f4tures.<\/p>\n\n\n\n<p class=\"has-medium-font-size\">Si vous ne souhaitez pas avoir de chantier chez vous, je vous propose, pour les pi\u00e8ces d\u00e9montables et transportables, de faire votre r\u00e9novation \u00e0 mon domicile.<\/p>\n\n\n\n<p class=\"has-medium-font-size\">Je travaille sur multi supports : bois, fer, m\u00e9tal, pl\u00e2tre&#8230;<\/p>\n\n\n\n<p class=\"has-medium-font-size\"> <\/p>\n\n\n\n<div style=\"height:97px\" aria-hidden=\"true\" class=\"wp-block-spacer\"><\/div>\n\n\n\n<p class=\"has-medium-font-size\">Un \u00e9tat des lieux sera fait avant travaux afin de d\u00e9terminer les diff\u00e9rentes \u00e9tapes \u00e0 effectuer (d\u00e9capage, rebouchage, pause de toile de verre, enduisage, simple nettoyage, pon\u00e7age, etc&#8230;). Nous pourrons ainsi d\u00e9terminer ensemble les t\u00e2ches que vous souhaiterez me confier. Je m&rsquo;adapte \u00e0 votre demande, \u00e0 vos envies.<\/p>\n\n\n\n<div style=\"height:121px\" aria-hidden=\"true\" class=\"wp-block-spacer\"><\/div>\n\n\n\n<p class=\"has-medium-font-size\">Alors n&rsquo;h\u00e9sitez pas \u00e0 me contacter pour que je vienne faire un <strong>devis gratuit<\/strong>.<\/p>\n","protected":false},"excerpt":{"rendered":"<p>Envie de changement dans votre int\u00e9rieur ? De mettre de la couleur dans votre vie ? Une cl\u00f4ture ou un&hellip; <a class=\"read-more\" href=\"https:\/\/hubertmultiservices.fr\/?page_id=25\">Continuer la lecture<\/a><\/p>\n","protected":false},"author":1,"featured_media":0,"parent":0,"menu_order":0,"comment_status":"closed","ping_status":"closed","template":"","meta":[],"_links":{"self":[{"href":"https:\/\/hubertmultiservices.fr\/index.php?rest_route=\/wp\/v2\/pages\/25"}],"collection":[{"href":"https:\/\/hubertmultiservices.fr\/index.php?rest_route=\/wp\/v2\/pages"}],"about":[{"href":"https:\/\/hubertmultiservices.fr\/index.php?rest_route=\/wp\/v2\/types\/page"}],"author":[{"embeddable":true,"href":"https:\/\/hubertmultiservices.fr\/index.php?rest_route=\/wp\/v2\/users\/1"}],"replies":[{"embeddable":true,"href":"https:\/\/hubertmultiservices.fr\/index.php?rest_route=%2Fwp%2Fv2%2Fcomments&post=25"}],"version-history":[{"count":11,"href":"https:\/\/hubertmultiservices.fr\/index.php?rest_route=\/wp\/v2\/pages\/25\/revisions"}],"predecessor-version":[{"id":84,"href":"https:\/\/hubertmultiservices.fr\/index.php?rest_route=\/wp\/v2\/pages\/25\/revisions\/84"}],"wp:attachment":[{"href":"https:\/\/hubertmultiservices.fr\/index.php?rest_route=%2Fwp%2Fv2%2Fmedia&parent=25"}],"curies":[{"name":"wp","href":"https:\/\/api.w.org\/{rel}","templated":true}]}}