{"id":24,"date":"2020-11-25T17:58:17","date_gmt":"2020-11-25T16:58:17","guid":{"rendered":"http:\/\/hubertmultiservices.fr\/?page_id=24"},"modified":"2021-03-11T19:50:18","modified_gmt":"2021-03-11T18:50:18","slug":"amenagements","status":"publish","type":"page","link":"https:\/\/hubertmultiservices.fr\/?page_id=24","title":{"rendered":"Am\u00e9nagements"},"content":{"rendered":"\n<div style=\"height:171px\" aria-hidden=\"true\" class=\"wp-block-spacer\"><\/div>\n\n\n\n<p class=\"has-medium-font-size\">Une envie de changer votre int\u00e9rieur ? De remanier vos pi\u00e8ces ?<\/p>\n\n\n\n<p class=\"has-medium-font-size\">Un besoin de r\u00e9am\u00e9nager votre salle de bain, de changer votre cuisine, de cr\u00e9er une nouvelle pi\u00e8ce, d&rsquo;isoler votre garage ou bien de changer vos fen\u00eatres&#8230;<\/p>\n\n\n\n<div style=\"height:60px\" aria-hidden=\"true\" class=\"wp-block-spacer\"><\/div>\n\n\n\n<p class=\"has-medium-font-size\">Et pour vos ext\u00e9rieurs ? <\/p>\n\n\n\n<p class=\"has-medium-font-size\">L&rsquo;installation de terrasse, un am\u00e9nagement de vos all\u00e9es de jardin, le montage d&rsquo;un abri de jardin, ou d&rsquo;une pergola&#8230;<\/p>\n\n\n\n<div style=\"height:100px\" aria-hidden=\"true\" class=\"wp-block-spacer\"><\/div>\n\n\n\n<p class=\"has-medium-font-size\">Voici quelques exemples de travaux que je peux vous proposer.<\/p>\n\n\n\n<div style=\"height:100px\" aria-hidden=\"true\" class=\"wp-block-spacer\"><\/div>\n\n\n\n<p class=\"has-medium-font-size\">Un autre projet en t\u00eate, quel qu&rsquo;il soit ? Pr\u00e9sentez-le moi, nous pourrons \u00e9tudier ensemble la faisabilit\u00e9.<\/p>\n\n\n\n<p class=\"has-medium-font-size\">Suite \u00e0 notre entrevue, je pourrai vous \u00e9tablir un <strong>devis gratuit<\/strong>.<\/p>\n","protected":false},"excerpt":{"rendered":"<p>Une envie de changer votre int\u00e9rieur ? De remanier vos pi\u00e8ces ? Un besoin de r\u00e9am\u00e9nager votre salle de bain,&hellip; <a class=\"read-more\" href=\"https:\/\/hubertmultiservices.fr\/?page_id=24\">Continuer la lecture<\/a><\/p>\n","protected":false},"author":1,"featured_media":0,"parent":0,"menu_order":0,"comment_status":"closed","ping_status":"closed","template":"","meta":[],"_links":{"self":[{"href":"https:\/\/hubertmultiservices.fr\/index.php?rest_route=\/wp\/v2\/pages\/24"}],"collection":[{"href":"https:\/\/hubertmultiservices.fr\/index.php?rest_route=\/wp\/v2\/pages"}],"about":[{"href":"https:\/\/hubertmultiservices.fr\/index.php?rest_route=\/wp\/v2\/types\/page"}],"author":[{"embeddable":true,"href":"https:\/\/hubertmultiservices.fr\/index.php?rest_route=\/wp\/v2\/users\/1"}],"replies":[{"embeddable":true,"href":"https:\/\/hubertmultiservices.fr\/index.php?rest_route=%2Fwp%2Fv2%2Fcomments&post=24"}],"version-history":[{"count":3,"href":"https:\/\/hubertmultiservices.fr\/index.php?rest_route=\/wp\/v2\/pages\/24\/revisions"}],"predecessor-version":[{"id":91,"href":"https:\/\/hubertmultiservices.fr\/index.php?rest_route=\/wp\/v2\/pages\/24\/revisions\/91"}],"wp:attachment":[{"href":"https:\/\/hubertmultiservices.fr\/index.php?rest_route=%2Fwp%2Fv2%2Fmedia&parent=24"}],"curies":[{"name":"wp","href":"https:\/\/api.w.org\/{rel}","templated":true}]}}