{"id":22,"date":"2020-11-25T17:58:17","date_gmt":"2020-11-25T16:58:17","guid":{"rendered":"http:\/\/hubertmultiservices.fr\/?page_id=22"},"modified":"2020-11-25T19:53:17","modified_gmt":"2020-11-25T18:53:17","slug":"jardin","status":"publish","type":"page","link":"https:\/\/hubertmultiservices.fr\/?page_id=22","title":{"rendered":"Jardin"},"content":{"rendered":"\n<p class=\"has-white-color has-text-color\">aa<\/p>\n\n\n\n<p class=\"has-white-color has-text-color\">  <\/p>\n\n\n\n<p class=\"has-white-color has-text-color\">    aaaa<\/p>\n\n\n\n<div class=\"wp-block-image\"><figure class=\"aligncenter size-large is-resized\"><img loading=\"lazy\" src=\"http:\/\/hubertmultiservices.fr\/wp-content\/uploads\/2020\/11\/image-1.png\" alt=\"\" class=\"wp-image-65\" width=\"840\" height=\"222\" srcset=\"https:\/\/hubertmultiservices.fr\/wp-content\/uploads\/2020\/11\/image-1.png 371w, https:\/\/hubertmultiservices.fr\/wp-content\/uploads\/2020\/11\/image-1-300x79.png 300w\" sizes=\"(max-width: 840px) 100vw, 840px\" \/><\/figure><\/div>\n\n\n\n<p class=\"has-white-color has-text-color\"> a<\/p>\n\n\n\n<p class=\"has-white-color has-text-color\"> aaaa<\/p>\n\n\n\n<p class=\"has-text-align-left has-medium-font-size\">En ces temps difficiles, que de mieux que d&rsquo;\u00eatre dans un bon environnement !<\/p>\n\n\n\n<p class=\"has-medium-font-size\">Un jardin est une bouff\u00e9e d&rsquo;oxyg\u00e8ne dont il n&rsquo;est pas toujours facile d&rsquo;assurer l&rsquo;entretien. <\/p>\n\n\n\n<p class=\"has-medium-font-size\">En r\u00e9sidence principale ou secondaire, vous aimeriez que tout soit fait avant votre arriv\u00e9e. <\/p>\n\n\n\n<p class=\"has-medium-font-size\">Que vous ne pouviez, ou bien ne vouliez plus vous en occuper, vous souhaitez tout de m\u00eame en profiter.<\/p>\n\n\n\n<p class=\"has-white-color has-text-color\"> aaaa<\/p>\n\n\n\n<p class=\"has-white-color has-text-color\"> aaaaa<\/p>\n\n\n\n<p class=\"has-white-color has-text-color\"> aaa<\/p>\n\n\n\n<p class=\"has-medium-font-size\">Pas de panique, je vous propose mes services, en : <strong>tonte, taille de haie, entretien de plates-bandes, arrachage, modification de vos implantations, installation de syst\u00e8me d&rsquo;arrosage\u2026<\/strong><\/p>\n\n\n\n<p class=\"has-medium-font-size\">Je dispose de mon propre mat\u00e9riel, vous n&rsquo;aurez donc pas \u00e0 vous pr\u00e9occuper de fournir quoi que ce soit.<\/p>\n\n\n\n<p class=\"has-white-color has-text-color\">  aa aa<\/p>\n\n\n\n<p class=\"has-white-color has-text-color\">  aa<\/p>\n\n\n\n<p class=\"has-medium-font-size\">Quels que soient vos besoins, n&rsquo;h\u00e9sitez pas \u00e0 me contacter pour une \u00e9tude de faisabilit\u00e9.<\/p>\n\n\n\n<p class=\"has-medium-font-size\">Je m&rsquo;adapte \u00e0 vos besoins : fourniture des mati\u00e8res premi\u00e8res ou non, transport de vos v\u00e9g\u00e9taux lors de l&rsquo;achat ou non, \u00e9vacuation des d\u00e9chets verts ou non, fr\u00e9quence d&rsquo;intervention (ponctuellement, r\u00e9guli\u00e8rement). C&rsquo;est suivant vos demandes. <\/p>\n\n\n\n<p class=\"has-medium-font-size\">Un devis vous sera \u00e9tabli afin que nous fixions les thermes exacts des interventions.<\/p>\n","protected":false},"excerpt":{"rendered":"<p>aa aaaa a aaaa En ces temps difficiles, que de mieux que d&rsquo;\u00eatre dans un bon environnement ! Un jardin&hellip; <a class=\"read-more\" href=\"https:\/\/hubertmultiservices.fr\/?page_id=22\">Continuer la lecture<\/a><\/p>\n","protected":false},"author":1,"featured_media":0,"parent":0,"menu_order":0,"comment_status":"closed","ping_status":"closed","template":"","meta":[],"_links":{"self":[{"href":"https:\/\/hubertmultiservices.fr\/index.php?rest_route=\/wp\/v2\/pages\/22"}],"collection":[{"href":"https:\/\/hubertmultiservices.fr\/index.php?rest_route=\/wp\/v2\/pages"}],"about":[{"href":"https:\/\/hubertmultiservices.fr\/index.php?rest_route=\/wp\/v2\/types\/page"}],"author":[{"embeddable":true,"href":"https:\/\/hubertmultiservices.fr\/index.php?rest_route=\/wp\/v2\/users\/1"}],"replies":[{"embeddable":true,"href":"https:\/\/hubertmultiservices.fr\/index.php?rest_route=%2Fwp%2Fv2%2Fcomments&post=22"}],"version-history":[{"count":14,"href":"https:\/\/hubertmultiservices.fr\/index.php?rest_route=\/wp\/v2\/pages\/22\/revisions"}],"predecessor-version":[{"id":67,"href":"https:\/\/hubertmultiservices.fr\/index.php?rest_route=\/wp\/v2\/pages\/22\/revisions\/67"}],"wp:attachment":[{"href":"https:\/\/hubertmultiservices.fr\/index.php?rest_route=%2Fwp%2Fv2%2Fmedia&parent=22"}],"curies":[{"name":"wp","href":"https:\/\/api.w.org\/{rel}","templated":true}]}}